{"id":18,"date":"2025-05-03T12:53:35","date_gmt":"2025-05-03T17:53:35","guid":{"rendered":"https:\/\/academiaacreanadeletras.com.br\/?page_id=18"},"modified":"2025-05-06T13:06:07","modified_gmt":"2025-05-06T18:06:07","slug":"academia","status":"publish","type":"page","link":"https:\/\/academiaacreanadeletras.com.br\/?page_id=18","title":{"rendered":"Academia"},"content":{"rendered":"\t\t<div data-elementor-type=\"wp-page\" data-elementor-id=\"18\" class=\"elementor elementor-18\">\n\t\t\t\t<div class=\"elementor-element elementor-element-2c5c1ca e-flex e-con-boxed e-con e-parent\" data-id=\"2c5c1ca\" data-element_type=\"container\" data-e-type=\"container\">\n\t\t\t\t\t<div class=\"e-con-inner\">\n\t\t\t\t<div class=\"elementor-element elementor-element-140d472 elementor-widget elementor-widget-heading\" data-id=\"140d472\" data-element_type=\"widget\" data-e-type=\"widget\" data-widget_type=\"heading.default\">\n\t\t\t\t<div class=\"elementor-widget-container\">\n\t\t\t\t\t<h1 class=\"elementor-heading-title elementor-size-default\">Conhe\u00e7a a Academia Acreana de Letras<\/h1>\t\t\t\t<\/div>\n\t\t\t\t<\/div>\n\t\t\t\t\t<\/div>\n\t\t\t\t<\/div>\n\t\t<div class=\"elementor-element elementor-element-f9ba4f7 e-flex e-con-boxed e-con e-parent\" data-id=\"f9ba4f7\" data-element_type=\"container\" data-e-type=\"container\">\n\t\t\t\t\t<div class=\"e-con-inner\">\n\t\t\t\t<div class=\"elementor-element elementor-element-f21d95d elementor-widget elementor-widget-text-editor\" data-id=\"f21d95d\" data-element_type=\"widget\" data-e-type=\"widget\" data-widget_type=\"text-editor.default\">\n\t\t\t\t<div class=\"elementor-widget-container\">\n\t\t\t\t\t\t\t\t\t<div><h3><b>Natureza, fins, sede, objetivos e finalidades da AAL<\/b><span style=\"font-weight: 400;\">:<\/span><\/h3><div><span style=\"font-weight: 400;\">\u00a0<\/span><\/div><p><span style=\"font-weight: 400;\">A Academia Acreana de Letras (AAL) \u00e9 uma Organiza\u00e7\u00e3o da Sociedade Civil (OSC), de fins culturais e educacionais, com car\u00e1ter e personalidade jur\u00eddica pr\u00f3pria, com sede provis\u00f3ria no Museu dos Povos Acreanos, Sala 03, na Avenida Epaminondas J\u00e1come, n\u00ba 2700, Centro, CEP: 69901-010, em Rio Branco, Acre.<\/span><\/p><p><span style=\"font-weight: 400;\">A AAL tem como objetivo fundamental: cultivar a l\u00edngua portuguesa, as produ\u00e7\u00f5es liter\u00e1rias e de outras linguagens de express\u00e3o portuguesa e cultuar a mem\u00f3ria de escritores e poetas, cineastas e m\u00fasicos, muito especialmente dos acreanos.<\/span><\/p><p><span style=\"font-weight: 400;\">Suas finalidades fundamentais s\u00e3o: a) Difundir a cultura da l\u00edngua portuguesa e da literatura brasileira, em especial acreana; b) Realizar pesquisas sobre atividades desenvolvidas por escritores e poetas brasileiros, especialmente os acreanos, e promover sua divulga\u00e7\u00e3o; c) Promover confer\u00eancias, palestras, semin\u00e1rios, simp\u00f3sios, exposi\u00e7\u00f5es, concursos liter\u00e1rios e o que mais poss\u00edvel for para divulgar a literatura brasileira, em especial a acreana; d) Manter interc\u00e2mbio com outras entidades culturais e afins; e) Publicar antologias e obras liter\u00e1rias de seus membros e revistas informativas das atividades acad\u00eamicas; f) Manter biblioteca, realizar exposi\u00e7\u00f5es e lan\u00e7amentos de obras liter\u00e1rias e outras linguagens, em especial de autores acreanos; e g) Manter com zelo a ins\u00edgnia, a bandeira e o carimbo acad\u00eamico. \u00a0 <\/span><\/p><\/div><div><h3><b>Um pouco da hist\u00f3ria da Academia Acreana de Letras<\/b><\/h3><p><span style=\"font-weight: 400;\">A Academia Acreana de Letras (AAL) foi fundada em 17 de novembro de 1937, no Sal\u00e3o Nobre do Pal\u00e1cio do Governo do Acre, na Cidade de Rio Branco, Acre. A cria\u00e7\u00e3o desta Academia foi fruto do trabalho de um grupo de intelectuais acreanos, mas tamb\u00e9m de outros estados, que viviam e trabalhavam no Acre. Eram poetas, romancistas, jornalistas, juristas e pol\u00edticos que influenciados pelo o que vinha acontecendo em outros estados e a exemplo da Academia Brasileiras de Letras (ABL), mas tamb\u00e9m da Academia Francesa de Letras, fizeram este empreendimento.<\/span><\/p><p><span style=\"font-weight: 400;\">Dentre estes intelectuais podemos destacar: Amanaj\u00f3s de Alc\u00e2ntara Vilhena de Ara\u00fajo, Jos\u00e9 Barreiros e Paulo de Menezes Bentes. Estes compuseram a comiss\u00e3o de cria\u00e7\u00e3o. Mas podemos tamb\u00e9m citar a participa\u00e7\u00e3o de outros, como: Damasceno Geriane, Felippe Menin\u00e9ia, Nilson Resende e Verginaud Melo. Sendo que no dia de sua funda\u00e7\u00e3o foi poss\u00edvel contar com um total de 23 membros, apesar do n\u00famero de membros definidos em seus estatutos serem 30 (trinta), podendo chegar a 40 (quarenta). Foram estes os fundadores: Amanaj\u00f3s de Alc\u00e2ntara Vilhena de Ara\u00fajo, Amaro Damasceno J\u00fanior, Anselmo S\u00e1 Ribeiro, Ant\u00f4nio Areal Souto, Felipe Menin\u00e9ia Pereira, Francisco de Oliveira Conde, Jayme de Mendon\u00e7a, Jos\u00e9 Barreiros, Jos\u00e9 Lopes de Aguiar, Jos\u00e9 Potyguara da Frota e Silva, Jos\u00e9 Rodrigues Leite, Jos\u00e9 Valentim de Ara\u00fajo, Juvenal Antunes, Manoel Eug\u00eanio Raulino, M\u00e1rio de Oliveira, M\u00e1rio Lob\u00e3o, Nelson Lemos Bastos, Nembri de Brito, Paulino de Brito, Paulo de Menezes Bentes, Roberval Cardoso, Uriel Sales de Ara\u00fajo e Vergniaud Melo.<\/span><\/p><p><b>Membros fundadores da Academia Acreana de Letras \u2013 AAL<\/b><\/p><p><img fetchpriority=\"high\" decoding=\"async\" class=\"alignnone wp-image-118\" src=\"https:\/\/academiaacreanadeletras.com.br\/wp-content\/uploads\/2025\/05\/placa-aal-229x300.png\" alt=\"\" width=\"293\" height=\"383\" srcset=\"https:\/\/academiaacreanadeletras.com.br\/wp-content\/uploads\/2025\/05\/placa-aal-229x300.png 229w, https:\/\/academiaacreanadeletras.com.br\/wp-content\/uploads\/2025\/05\/placa-aal-600x787.png 600w, https:\/\/academiaacreanadeletras.com.br\/wp-content\/uploads\/2025\/05\/placa-aal.png 1137w\" sizes=\"(max-width: 293px) 100vw, 293px\" \/><\/p><p><span style=\"font-weight: 400;\">Placa de Homenagem do Governador do Estado do Acre, Geraldo Gurgel de Mesquita, aos fundadores da Academia Acreana de Letras \u2013 AAL, fixada na parede do Pal\u00e1cio Rio Branco, em 17 de novembro de 1976.<\/span><\/p><p><span style=\"font-weight: 400;\">\u00a0<\/span><\/p><p><span style=\"font-weight: 400;\">A hist\u00f3ria da Academia Acreana de Letras come\u00e7a antes de sua funda\u00e7\u00e3o, ocorrida no dia 17 de novembro de 1937. Quatro reuni\u00f5es preparat\u00f3rias precederam a instala\u00e7\u00e3o da AAL. Elas ocorreram no Gin\u00e1sio Acreano, e contaram com a participa\u00e7\u00e3o dos ilustres intelectuais na comiss\u00e3o fundadora: Amanaj\u00f3s de Alc\u00e2ntara Vilhena de Ara\u00fajo, Jos\u00e9 Barreiros e Paulo de Menezes Bentes. A primeira reuni\u00e3o foi realizada no dia 22 de outubro de 1937. Na ocasi\u00e3o, Paulo Menezes Bentes, em raz\u00e3o da aus\u00eancia justificada de Amanaj\u00f3s Araujo, assume a presid\u00eancia da sess\u00e3o. Iniciado os trabalhos, Bentes apresenta as etapas essenciais para a constitui\u00e7\u00e3o da Academia de Letras.<\/span><\/p><p><span style=\"font-weight: 400;\">Al\u00e9m dos membros da comiss\u00e3o, outros intelectuais tamb\u00e9m estiveram presentes, tais como: Damasceno Geriane, Felippe Menin\u00e9ia, Nilson Resende e Verginaud Melo. Eles manifestaram total apoio e interesse na cria\u00e7\u00e3o da institui\u00e7\u00e3o, sugeriram que outros intelectuais tamb\u00e9m fossem convocados, tais como Epaminondas Martins, Areal Souto, Francisco Conde, M\u00e1rio Lob\u00e3o e Nembri de Brito. A comiss\u00e3o ficou respons\u00e1vel por estender o convite aos citados, por meio de telegramas.\u00a0<\/span><\/p><p><span style=\"font-weight: 400;\">As tr\u00eas reuni\u00f5es seguintes se deram, respectivamente, nos dias 28 de outubro, 4 e 13 de novembro de 1937. Todas tinham o mesmo prop\u00f3sito: definir a estrutura organizacional da Academia e mobilizar os intelectuais para o processo seletivo de composi\u00e7\u00e3o das cadeiras.<\/span><\/p><p><span style=\"font-weight: 400;\">No dia 17 de novembro de 1937, no Sal\u00e3o Nobre do Pal\u00e1cio Rio Branco, aconteceu a sess\u00e3o de instala\u00e7\u00e3o da Academia Acreana de Letras. Vinte e tr\u00eas intelectuais passaram a fazer parte do Quadro de Membros Efetivos\/Permanentes. Inicialmente, a composi\u00e7\u00e3o do sodal\u00edcio foi definida em trinta membros, podendo chegar a quarenta, como acontece nas Academias Brasileira e Francesa de Letras. Os vinte e tr\u00eas empossados (fundadores da AAL), por ordem alfab\u00e9tica, foram: Amanaj\u00f3s de Alc\u00e2ntara Vilhena de Ara\u00fajo, Amaro Damasceno J\u00fanior, Anselmo S\u00e1 Ribeiro, Ant\u00f4nio Areal Souto, Felipe Menin\u00e9ia<\/span><\/p><p><span style=\"font-weight: 400;\">Pereira, Francisco de Oliveira Conde, Jayme de Mendon\u00e7a, Jos\u00e9 Barreiros, Jos\u00e9 Lopes de Aguiar, Jos\u00e9 Potyguara da Frota e Silva, Jos\u00e9 Rodrigues Leite, Jos\u00e9 Valentim de Ara\u00fajo, Juvenal Antunes, Manoel Eug\u00eanio Raulino, M\u00e1rio de Oliveira, M\u00e1rio Lob\u00e3o, Nelson Lemos Bastos, Nembri de Brito, Paulino de Brito, Paulo de Menezes Bentes, <\/span><span style=\"font-weight: 400;\">Roberval Cardoso, Uriel Sales de Ara\u00fajo e Vergniaud Melo.<\/span><\/p><p><span style=\"font-weight: 400;\">Ap\u00f3s empossados, os imortais se reuniram para eleger a primeira Diretoria Executiva da AAL, que teria um mandato de apenas um ano, de 17 de novembro de 1937 a 17 de novembro de 1938. Esta primeira Diretoria Executiva ficou assim constitu\u00edda: Amanaj\u00f3s de Alc\u00e2ntara Vilhena de Ara\u00fajo &#8211; Presidente; Paulo de Menezes Bentes &#8211; Secret\u00e1rio Geral; Jos\u00e9 Barreiros \u2013 Primeiro Secret\u00e1rio; e Felippe Minin\u00e9ia Pereira &#8211;<\/span><span style=\"font-weight: 400;\">Tesoureiro-Bibliotec\u00e1rio.<\/span><\/p><\/div>\t\t\t\t\t\t\t\t<\/div>\n\t\t\t\t<\/div>\n\t\t\t\t\t<\/div>\n\t\t\t\t<\/div>\n\t\t<div class=\"elementor-element elementor-element-b7fa843 e-flex e-con-boxed e-con e-parent\" data-id=\"b7fa843\" data-element_type=\"container\" data-e-type=\"container\" data-settings=\"{&quot;background_background&quot;:&quot;classic&quot;}\">\n\t\t\t\t\t<div class=\"e-con-inner\">\n\t\t\t\t<div class=\"elementor-element elementor-element-29d3d3f elementor-widget elementor-widget-heading\" data-id=\"29d3d3f\" data-element_type=\"widget\" data-e-type=\"widget\" data-widget_type=\"heading.default\">\n\t\t\t\t<div class=\"elementor-widget-container\">\n\t\t\t\t\t<h2 class=\"elementor-heading-title elementor-size-default\">Galeria de presidentes da Academia Acreana de Letras<\/h2>\t\t\t\t<\/div>\n\t\t\t\t<\/div>\n\t\t\t\t\t<\/div>\n\t\t\t\t<\/div>\n\t\t<div class=\"elementor-element elementor-element-5e8048e e-flex e-con-boxed e-con e-parent\" data-id=\"5e8048e\" data-element_type=\"container\" data-e-type=\"container\">\n\t\t\t\t\t<div class=\"e-con-inner\">\n\t\t\t\t<div class=\"elementor-element elementor-element-e16f2cf elementor-widget__width-inherit eael-team-align-eael-team-align-default elementor-widget elementor-widget-eael-team-member\" data-id=\"e16f2cf\" data-element_type=\"widget\" data-e-type=\"widget\" data-widget_type=\"eael-team-member.default\">\n\t\t\t\t<div class=\"elementor-widget-container\">\n\t\t\t\t\t\n\n\t<div id=\"eael-team-member-e16f2cf\" class=\"eael-team-item eael-team-members-simple \">\n\t\t<div class=\"eael-team-item-inner\">\n\t\t\t<div class=\"eael-team-image\">\n\t\t\t\t<figure>\n\t\t\t\t\t\t\t\t\t\t<img decoding=\"async\" src=\"https:\/\/academiaacreanadeletras.com.br\/wp-content\/uploads\/2025\/05\/amanajos.png\" alt=\"\">\n\t\t\t\t\t\t\t\t\t<\/figure>\n\t\t\t\t\n\t\t\t\t\n\t\t\t<\/div>\n\n\t\t\t<div class=\"eael-team-content\">\n\t\t\t\t<h2 class=\"eael-team-member-name\">Amanaj\u00f3s de Alc\u00e2ntara Vilhena de Ara\u00fajo<\/h2><h3 class=\"eael-team-member-position\">1\u00b0 presidente  (1937-1938)<\/h3>\n\t\t\t\t\t\t\t\t\t\t\t\t\t\t<p class=\"eael-team-text\"><\/p>\n\t\t\t\t\t\t\t<\/div>\n\t\t<\/div>\n\t<\/div>\n\t\t\t\t\t<\/div>\n\t\t\t\t<\/div>\n\t\t\t\t<div class=\"elementor-element elementor-element-e728533 elementor-widget__width-inherit eael-team-align-eael-team-align-default elementor-widget elementor-widget-eael-team-member\" data-id=\"e728533\" data-element_type=\"widget\" data-e-type=\"widget\" data-widget_type=\"eael-team-member.default\">\n\t\t\t\t<div class=\"elementor-widget-container\">\n\t\t\t\t\t\n\n\t<div id=\"eael-team-member-e728533\" class=\"eael-team-item eael-team-members-social-right \">\n\t\t<div class=\"eael-team-item-inner\">\n\t\t\t<div class=\"eael-team-image\">\n\t\t\t\t<figure>\n\t\t\t\t\t\t\t\t\t\t<img decoding=\"async\" src=\"https:\/\/academiaacreanadeletras.com.br\/wp-content\/uploads\/2025\/05\/Paulo-de-menezes.png\" alt=\"\">\n\t\t\t\t\t\t\t\t\t<\/figure>\n\t\t\t\t\t\t\t\t\t\t\t\t\t\n\t\t\t\t\n\t\t\t<\/div>\n\n\t\t\t<div class=\"eael-team-content\">\n\t\t\t\t<h2 class=\"eael-team-member-name\">Paulo de Menezes Bentes      <\/h2><h3 class=\"eael-team-member-position\">2\u00ba Presidente (1938 \u2013 1943)<\/h3>\n\t\t\t\t\t\t\t\t\t\t\t\t\t\t<p class=\"eael-team-text\"><\/p>\n\t\t\t\t\t\t\t<\/div>\n\t\t<\/div>\n\t<\/div>\n\t\t\t\t\t<\/div>\n\t\t\t\t<\/div>\n\t\t\t\t<div class=\"elementor-element elementor-element-460979b elementor-widget__width-inherit eael-team-align-eael-team-align-default elementor-widget elementor-widget-eael-team-member\" data-id=\"460979b\" data-element_type=\"widget\" data-e-type=\"widget\" data-widget_type=\"eael-team-member.default\">\n\t\t\t\t<div class=\"elementor-widget-container\">\n\t\t\t\t\t\n\n\t<div id=\"eael-team-member-460979b\" class=\"eael-team-item eael-team-members-social-right \">\n\t\t<div class=\"eael-team-item-inner\">\n\t\t\t<div class=\"eael-team-image\">\n\t\t\t\t<figure>\n\t\t\t\t\t\t\t\t\t\t<img decoding=\"async\" src=\"https:\/\/academiaacreanadeletras.com.br\/wp-content\/uploads\/2025\/05\/mario-de-oliveira.png\" alt=\"\">\n\t\t\t\t\t\t\t\t\t<\/figure>\n\t\t\t\t\t\t\t\t\t\t\t\t\t\n\t\t\t\t\n\t\t\t<\/div>\n\n\t\t\t<div class=\"eael-team-content\">\n\t\t\t\t<h2 class=\"eael-team-member-name\">M\u00e1rio de Oliveira<\/h2><h3 class=\"eael-team-member-position\">3\u00ba Presidente (1943 \u2013 1967)<\/h3>\n\t\t\t\t\t\t\t\t\t\t\t\t\t\t<p class=\"eael-team-text\"><\/p>\n\t\t\t\t\t\t\t<\/div>\n\t\t<\/div>\n\t<\/div>\n\t\t\t\t\t<\/div>\n\t\t\t\t<\/div>\n\t\t\t\t<div class=\"elementor-element elementor-element-c738b63 elementor-widget__width-inherit eael-team-align-eael-team-align-default elementor-widget elementor-widget-eael-team-member\" data-id=\"c738b63\" data-element_type=\"widget\" data-e-type=\"widget\" data-widget_type=\"eael-team-member.default\">\n\t\t\t\t<div class=\"elementor-widget-container\">\n\t\t\t\t\t\n\n\t<div id=\"eael-team-member-c738b63\" class=\"eael-team-item eael-team-members-social-right \">\n\t\t<div class=\"eael-team-item-inner\">\n\t\t\t<div class=\"eael-team-image\">\n\t\t\t\t<figure>\n\t\t\t\t\t\t\t\t\t\t<img decoding=\"async\" src=\"https:\/\/academiaacreanadeletras.com.br\/wp-content\/uploads\/2025\/05\/omar-sabino-paula.png\" alt=\"\">\n\t\t\t\t\t\t\t\t\t<\/figure>\n\t\t\t\t\t\t\t\t\t\t\t\t\t\n\t\t\t\t\n\t\t\t<\/div>\n\n\t\t\t<div class=\"eael-team-content\">\n\t\t\t\t<h2 class=\"eael-team-member-name\">Omar Sabino de Paula<\/h2><h3 class=\"eael-team-member-position\">4\u00ba Presidente (1967 \u2013 1987)<\/h3>\n\t\t\t\t\t\t\t\t\t\t\t\t\t\t<p class=\"eael-team-text\"><\/p>\n\t\t\t\t\t\t\t<\/div>\n\t\t<\/div>\n\t<\/div>\n\t\t\t\t\t<\/div>\n\t\t\t\t<\/div>\n\t\t\t\t\t<\/div>\n\t\t\t\t<\/div>\n\t\t<div class=\"elementor-element elementor-element-c3c16f3 e-flex e-con-boxed e-con e-parent\" data-id=\"c3c16f3\" data-element_type=\"container\" data-e-type=\"container\">\n\t\t\t\t\t<div class=\"e-con-inner\">\n\t\t\t\t<div class=\"elementor-element elementor-element-ccbd3f5 elementor-widget__width-inherit eael-team-align-eael-team-align-default elementor-widget elementor-widget-eael-team-member\" data-id=\"ccbd3f5\" data-element_type=\"widget\" data-e-type=\"widget\" data-widget_type=\"eael-team-member.default\">\n\t\t\t\t<div class=\"elementor-widget-container\">\n\t\t\t\t\t\n\n\t<div id=\"eael-team-member-ccbd3f5\" class=\"eael-team-item eael-team-members-social-right \">\n\t\t<div class=\"eael-team-item-inner\">\n\t\t\t<div class=\"eael-team-image\">\n\t\t\t\t<figure>\n\t\t\t\t\t\t\t\t\t\t<img decoding=\"async\" src=\"https:\/\/academiaacreanadeletras.com.br\/wp-content\/uploads\/2025\/05\/mario-modesto.png\" alt=\"\">\n\t\t\t\t\t\t\t\t\t<\/figure>\n\t\t\t\t\t\t\t\t\t\t\t\t\t\n\t\t\t\t\n\t\t\t<\/div>\n\n\t\t\t<div class=\"eael-team-content\">\n\t\t\t\t<h2 class=\"eael-team-member-name\">Mauro D\u2019\u00c1vila Modesto Costa<\/h2><h3 class=\"eael-team-member-position\">5\u00ba Presidente (1988 \u2013 1996)<\/h3>\n\t\t\t\t\t\t\t\t\t\t\t\t\t\t<p class=\"eael-team-text\"><\/p>\n\t\t\t\t\t\t\t<\/div>\n\t\t<\/div>\n\t<\/div>\n\t\t\t\t\t<\/div>\n\t\t\t\t<\/div>\n\t\t\t\t<div class=\"elementor-element elementor-element-0060b1e elementor-widget__width-inherit eael-team-align-eael-team-align-default elementor-widget elementor-widget-eael-team-member\" data-id=\"0060b1e\" data-element_type=\"widget\" data-e-type=\"widget\" data-widget_type=\"eael-team-member.default\">\n\t\t\t\t<div class=\"elementor-widget-container\">\n\t\t\t\t\t\n\n\t<div id=\"eael-team-member-0060b1e\" class=\"eael-team-item eael-team-members-social-right \">\n\t\t<div class=\"eael-team-item-inner\">\n\t\t\t<div class=\"eael-team-image\">\n\t\t\t\t<figure>\n\t\t\t\t\t\t\t\t\t\t<img decoding=\"async\" src=\"https:\/\/academiaacreanadeletras.com.br\/wp-content\/uploads\/2025\/05\/clodomir-mesquista.png\" alt=\"\">\n\t\t\t\t\t\t\t\t\t<\/figure>\n\t\t\t\t\t\t\t\t\t\t\t\t\t\n\t\t\t\t\n\t\t\t<\/div>\n\n\t\t\t<div class=\"eael-team-content\">\n\t\t\t\t<h2 class=\"eael-team-member-name\">Clodomir Monteiro da Silva<\/h2><h3 class=\"eael-team-member-position\">6\u00ba Presidente (1997 \u2013 2014)<\/h3>\n\t\t\t\t\t\t\t\t\t\t\t\t\t\t<p class=\"eael-team-text\"><\/p>\n\t\t\t\t\t\t\t<\/div>\n\t\t<\/div>\n\t<\/div>\n\t\t\t\t\t<\/div>\n\t\t\t\t<\/div>\n\t\t\t\t<div class=\"elementor-element elementor-element-dea13ea elementor-widget__width-inherit eael-team-align-eael-team-align-default elementor-widget elementor-widget-eael-team-member\" data-id=\"dea13ea\" data-element_type=\"widget\" data-e-type=\"widget\" data-widget_type=\"eael-team-member.default\">\n\t\t\t\t<div class=\"elementor-widget-container\">\n\t\t\t\t\t\n\n\t<div id=\"eael-team-member-dea13ea\" class=\"eael-team-item eael-team-members-social-right \">\n\t\t<div class=\"eael-team-item-inner\">\n\t\t\t<div class=\"eael-team-image\">\n\t\t\t\t<figure>\n\t\t\t\t\t\t\t\t\t\t<img decoding=\"async\" src=\"https:\/\/academiaacreanadeletras.com.br\/wp-content\/uploads\/2025\/05\/luisa-lessa.png\" alt=\"\">\n\t\t\t\t\t\t\t\t\t<\/figure>\n\t\t\t\t\t\t\t\t\t\t\t\t\t\n\t\t\t\t\n\t\t\t<\/div>\n\n\t\t\t<div class=\"eael-team-content\">\n\t\t\t\t<h2 class=\"eael-team-member-name\">Lu\u00edsa Galv\u00e3o Lessa Karlberg<\/h2><h3 class=\"eael-team-member-position\">7\u00aa Presidente  (2015 \u2013 2022)<\/h3>\n\t\t\t\t\t\t\t\t\t\t\t\t\t\t<p class=\"eael-team-text\"><\/p>\n\t\t\t\t\t\t\t<\/div>\n\t\t<\/div>\n\t<\/div>\n\t\t\t\t\t<\/div>\n\t\t\t\t<\/div>\n\t\t\t\t<div class=\"elementor-element elementor-element-81ec0a8 elementor-widget__width-inherit eael-team-align-eael-team-align-default elementor-widget elementor-widget-eael-team-member\" data-id=\"81ec0a8\" data-element_type=\"widget\" data-e-type=\"widget\" data-widget_type=\"eael-team-member.default\">\n\t\t\t\t<div class=\"elementor-widget-container\">\n\t\t\t\t\t\n\n\t<div id=\"eael-team-member-81ec0a8\" class=\"eael-team-item eael-team-members-social-right \">\n\t\t<div class=\"eael-team-item-inner\">\n\t\t\t<div class=\"eael-team-image\">\n\t\t\t\t<figure>\n\t\t\t\t\t\t\t\t\t\t<img decoding=\"async\" src=\"https:\/\/academiaacreanadeletras.com.br\/wp-content\/uploads\/2025\/05\/adalberto-queiroz.png\" alt=\"\">\n\t\t\t\t\t\t\t\t\t<\/figure>\n\t\t\t\t\t\t\t\t\t\t\t\t\t\n\t\t\t\t\n\t\t\t<\/div>\n\n\t\t\t<div class=\"eael-team-content\">\n\t\t\t\t<h2 class=\"eael-team-member-name\">Adalberto Queiroz de Melo<\/h2><h3 class=\"eael-team-member-position\">8\u00ba Presidente d(2023 \u2013 atual)<\/h3>\n\t\t\t\t\t\t\t\t\t\t\t\t\t\t<p class=\"eael-team-text\"><\/p>\n\t\t\t\t\t\t\t<\/div>\n\t\t<\/div>\n\t<\/div>\n\t\t\t\t\t<\/div>\n\t\t\t\t<\/div>\n\t\t\t\t\t<\/div>\n\t\t\t\t<\/div>\n\t\t\t\t<\/div>\n\t\t","protected":false},"excerpt":{"rendered":"<p>Conhe\u00e7a a Academia Acreana de Letras Natureza, fins, sede, objetivos e finalidades da AAL: \u00a0 A Academia Acreana de Letras (AAL) \u00e9 uma Organiza\u00e7\u00e3o da Sociedade Civil (OSC), de fins culturais e educacionais, com car\u00e1ter e personalidade jur\u00eddica pr\u00f3pria, com sede provis\u00f3ria no Museu dos Povos Acreanos, Sala 03, na Avenida Epaminondas J\u00e1come, n\u00ba 2700, [&hellip;]<\/p>\n","protected":false},"author":1,"featured_media":0,"parent":0,"menu_order":0,"comment_status":"closed","ping_status":"closed","template":"elementor_header_footer","meta":{"footnotes":""},"class_list":["post-18","page","type-page","status-publish","hentry"],"jetpack_sharing_enabled":true,"_links":{"self":[{"href":"https:\/\/academiaacreanadeletras.com.br\/index.php?rest_route=\/wp\/v2\/pages\/18","targetHints":{"allow":["GET"]}}],"collection":[{"href":"https:\/\/academiaacreanadeletras.com.br\/index.php?rest_route=\/wp\/v2\/pages"}],"about":[{"href":"https:\/\/academiaacreanadeletras.com.br\/index.php?rest_route=\/wp\/v2\/types\/page"}],"author":[{"embeddable":true,"href":"https:\/\/academiaacreanadeletras.com.br\/index.php?rest_route=\/wp\/v2\/users\/1"}],"replies":[{"embeddable":true,"href":"https:\/\/academiaacreanadeletras.com.br\/index.php?rest_route=%2Fwp%2Fv2%2Fcomments&post=18"}],"version-history":[{"count":19,"href":"https:\/\/academiaacreanadeletras.com.br\/index.php?rest_route=\/wp\/v2\/pages\/18\/revisions"}],"predecessor-version":[{"id":147,"href":"https:\/\/academiaacreanadeletras.com.br\/index.php?rest_route=\/wp\/v2\/pages\/18\/revisions\/147"}],"wp:attachment":[{"href":"https:\/\/academiaacreanadeletras.com.br\/index.php?rest_route=%2Fwp%2Fv2%2Fmedia&parent=18"}],"curies":[{"name":"wp","href":"https:\/\/api.w.org\/{rel}","templated":true}]}}